{"id":139,"date":"2020-09-14T23:10:12","date_gmt":"2020-09-14T21:10:12","guid":{"rendered":"http:\/\/hotel-imperator.fr\/?page_id=139"},"modified":"2024-08-05T11:15:36","modified_gmt":"2024-08-05T09:15:36","slug":"lhotel","status":"publish","type":"page","link":"https:\/\/hotel-imperator.fr\/en\/lhotel\/","title":{"rendered":"Hotel"},"content":{"rendered":"<div data-elementor-type=\"wp-page\" data-elementor-id=\"139\" class=\"elementor elementor-139\" data-elementor-post-type=\"page\">\n\t\t\t\t\t\t<section class=\"elementor-section elementor-top-section elementor-element elementor-element-150c379e elementor-section-content-middle elementor-section-boxed elementor-section-height-default elementor-section-height-default\" data-id=\"150c379e\" data-element_type=\"section\" data-e-type=\"section\" data-settings=\"{&quot;background_background&quot;:&quot;classic&quot;}\">\n\t\t\t\t\t\t\t<div class=\"elementor-background-overlay\"><\/div>\n\t\t\t\t\t\t\t<div class=\"elementor-container elementor-column-gap-no\">\n\t\t\t\t\t<div class=\"elementor-column elementor-col-100 elementor-top-column elementor-element elementor-element-e29c4dc\" data-id=\"e29c4dc\" data-element_type=\"column\" data-e-type=\"column\">\n\t\t\t<div class=\"elementor-widget-wrap\">\n\t\t\t\t\t\t\t<\/div>\n\t\t<\/div>\n\t\t\t\t\t<\/div>\n\t\t<\/section>\n\t\t\t\t<section class=\"elementor-section elementor-top-section elementor-element elementor-element-77772108 elementor-section-boxed elementor-section-height-default elementor-section-height-default\" data-id=\"77772108\" data-element_type=\"section\" data-e-type=\"section\" data-settings=\"{&quot;background_background&quot;:&quot;gradient&quot;}\">\n\t\t\t\t\t\t<div class=\"elementor-container elementor-column-gap-default\">\n\t\t\t\t\t<div class=\"elementor-column elementor-col-100 elementor-top-column elementor-element elementor-element-16cf98c8\" data-id=\"16cf98c8\" data-element_type=\"column\" data-e-type=\"column\">\n\t\t\t<div class=\"elementor-widget-wrap elementor-element-populated\">\n\t\t\t\t\t\t<div class=\"elementor-element elementor-element-1321f80e elementor-widget elementor-widget-image\" data-id=\"1321f80e\" data-element_type=\"widget\" data-e-type=\"widget\" data-widget_type=\"image.default\">\n\t\t\t\t<div class=\"elementor-widget-container\">\n\t\t\t\t\t\t\t\t\t\t\t\t\t\t\t<img fetchpriority=\"high\" decoding=\"async\" width=\"800\" height=\"530\" src=\"https:\/\/hotel-imperator.fr\/wp-content\/uploads\/2020\/09\/CHB_0214-1024x678.jpg\" class=\"attachment-large size-large wp-image-233\" alt=\"\" srcset=\"https:\/\/hotel-imperator.fr\/wp-content\/uploads\/2020\/09\/CHB_0214-1024x678.jpg 1024w, https:\/\/hotel-imperator.fr\/wp-content\/uploads\/2020\/09\/CHB_0214-300x199.jpg 300w, https:\/\/hotel-imperator.fr\/wp-content\/uploads\/2020\/09\/CHB_0214-768x509.jpg 768w, https:\/\/hotel-imperator.fr\/wp-content\/uploads\/2020\/09\/CHB_0214-1536x1017.jpg 1536w, https:\/\/hotel-imperator.fr\/wp-content\/uploads\/2020\/09\/CHB_0214.jpg 2048w\" sizes=\"(max-width: 800px) 100vw, 800px\" \/>\t\t\t\t\t\t\t\t\t\t\t\t\t\t\t<\/div>\n\t\t\t\t<\/div>\n\t\t\t\t\t<\/div>\n\t\t<\/div>\n\t\t\t\t\t<\/div>\n\t\t<\/section>\n\t\t\t\t<section class=\"elementor-section elementor-top-section elementor-element elementor-element-584a86dc elementor-section-content-middle elementor-section-boxed elementor-section-height-default elementor-section-height-default\" data-id=\"584a86dc\" data-element_type=\"section\" data-e-type=\"section\">\n\t\t\t\t\t\t\t<div class=\"elementor-background-overlay\"><\/div>\n\t\t\t\t\t\t\t<div class=\"elementor-container elementor-column-gap-default\">\n\t\t\t\t\t<div class=\"elementor-column elementor-col-100 elementor-top-column elementor-element elementor-element-42f6fa4e\" data-id=\"42f6fa4e\" data-element_type=\"column\" data-e-type=\"column\">\n\t\t\t<div class=\"elementor-widget-wrap elementor-element-populated\">\n\t\t\t\t\t\t<div class=\"elementor-element elementor-element-78a55d39 elementor-widget elementor-widget-heading\" data-id=\"78a55d39\" data-element_type=\"widget\" data-e-type=\"widget\" data-widget_type=\"heading.default\">\n\t\t\t\t<div class=\"elementor-widget-container\">\n\t\t\t\t\t<h2 class=\"elementor-heading-title elementor-size-default\">A legendary heritage embracing modernity<\/h2>\t\t\t\t<\/div>\n\t\t\t\t<\/div>\n\t\t\t\t<div class=\"elementor-element elementor-element-7c24f5a9 elementor-widget elementor-widget-text-editor\" data-id=\"7c24f5a9\" data-element_type=\"widget\" data-e-type=\"widget\" data-widget_type=\"text-editor.default\">\n\t\t\t\t<div class=\"elementor-widget-container\">\n\t\t\t\t\t\t\t\t\t<p>Located at 28 All\u00e9es Paul Riquet, in the heart of B\u00e9ziers' historic center, Hotel Imperator stands as a Haussmannian gem and a true icon of the city. For decades, it has been the go-to destination for aficionados and celebrated figures of the corrida world during the Feria.\nToday, the hotel has been entirely redesigned, offering a contemporary new look while preserving its legendary charm. It now caters to both tourists and business travelers, featuring 42 elegant and comfortable rooms, classified into four categories.\nDuring the warmer months, the grand shaded patio provides a tranquil escape in the heart of the city\u2014perfect for enjoying breakfast, relaxing, or sipping a drink on the terrace.<\/p><p>The timeless and soothing shade of blue welcomes guests at the entrance and subtly enhances the decor all the way to the third floor.<\/p><p>The renovation of this historic landmark was entrusted to regional businesses and local artisans, ensuring an authentic and high-quality transformation.<\/p>\t\t\t\t\t\t\t\t<\/div>\n\t\t\t\t<\/div>\n\t\t\t\t\t<\/div>\n\t\t<\/div>\n\t\t\t\t\t<\/div>\n\t\t<\/section>\n\t\t\t\t<section class=\"elementor-section elementor-inner-section elementor-element elementor-element-5bdfa40e elementor-section-boxed elementor-section-height-default elementor-section-height-default\" data-id=\"5bdfa40e\" data-element_type=\"section\" data-e-type=\"section\">\n\t\t\t\t\t\t<div class=\"elementor-container elementor-column-gap-default\">\n\t\t\t\t\t<div class=\"elementor-column elementor-col-50 elementor-inner-column elementor-element elementor-element-1aeebff4\" data-id=\"1aeebff4\" data-element_type=\"column\" data-e-type=\"column\">\n\t\t\t<div class=\"elementor-widget-wrap elementor-element-populated\">\n\t\t\t\t\t\t<div class=\"elementor-element elementor-element-60a55fa2 elementor-widget elementor-widget-image\" data-id=\"60a55fa2\" data-element_type=\"widget\" data-e-type=\"widget\" data-widget_type=\"image.default\">\n\t\t\t\t<div class=\"elementor-widget-container\">\n\t\t\t\t\t\t\t\t\t\t\t\t\t\t\t<img decoding=\"async\" width=\"800\" height=\"530\" src=\"https:\/\/hotel-imperator.fr\/wp-content\/uploads\/2020\/09\/CHB_0088-1024x678.jpg\" class=\"attachment-large size-large wp-image-177\" alt=\"\" srcset=\"https:\/\/hotel-imperator.fr\/wp-content\/uploads\/2020\/09\/CHB_0088-1024x678.jpg 1024w, https:\/\/hotel-imperator.fr\/wp-content\/uploads\/2020\/09\/CHB_0088-300x199.jpg 300w, https:\/\/hotel-imperator.fr\/wp-content\/uploads\/2020\/09\/CHB_0088-768x509.jpg 768w, https:\/\/hotel-imperator.fr\/wp-content\/uploads\/2020\/09\/CHB_0088-1536x1017.jpg 1536w, https:\/\/hotel-imperator.fr\/wp-content\/uploads\/2020\/09\/CHB_0088.jpg 2048w\" sizes=\"(max-width: 800px) 100vw, 800px\" \/>\t\t\t\t\t\t\t\t\t\t\t\t\t\t\t<\/div>\n\t\t\t\t<\/div>\n\t\t\t\t<div class=\"elementor-element elementor-element-17f0b02 elementor-align-center elementor-widget elementor-widget-button\" data-id=\"17f0b02\" data-element_type=\"widget\" data-e-type=\"widget\" data-widget_type=\"button.default\">\n\t\t\t\t<div class=\"elementor-widget-container\">\n\t\t\t\t\t\t\t\t\t<div class=\"elementor-button-wrapper\">\n\t\t\t\t\t<a class=\"elementor-button elementor-button-link elementor-size-sm\" href=\"http:\/\/hotel-imperator.fr\/en\/lhotel\/chambres\/\">\n\t\t\t\t\t\t<span class=\"elementor-button-content-wrapper\">\n\t\t\t\t\t\t\t\t\t<span class=\"elementor-button-text\">Discover our rooms<\/span>\n\t\t\t\t\t<\/span>\n\t\t\t\t\t<\/a>\n\t\t\t\t<\/div>\n\t\t\t\t\t\t\t\t<\/div>\n\t\t\t\t<\/div>\n\t\t\t\t\t<\/div>\n\t\t<\/div>\n\t\t\t\t<div class=\"elementor-column elementor-col-50 elementor-inner-column elementor-element elementor-element-5fae9a48\" data-id=\"5fae9a48\" data-element_type=\"column\" data-e-type=\"column\">\n\t\t\t<div class=\"elementor-widget-wrap elementor-element-populated\">\n\t\t\t\t\t\t<div class=\"elementor-element elementor-element-777bfe81 elementor-widget elementor-widget-image\" data-id=\"777bfe81\" data-element_type=\"widget\" data-e-type=\"widget\" data-widget_type=\"image.default\">\n\t\t\t\t<div class=\"elementor-widget-container\">\n\t\t\t\t\t\t\t\t\t\t\t\t\t\t\t<img decoding=\"async\" width=\"800\" height=\"534\" src=\"https:\/\/hotel-imperator.fr\/wp-content\/uploads\/2020\/09\/120087021_171370184563201_7920135928216535459_o-1024x683.jpg\" class=\"attachment-large size-large wp-image-311\" alt=\"\" srcset=\"https:\/\/hotel-imperator.fr\/wp-content\/uploads\/2020\/09\/120087021_171370184563201_7920135928216535459_o-1024x683.jpg 1024w, https:\/\/hotel-imperator.fr\/wp-content\/uploads\/2020\/09\/120087021_171370184563201_7920135928216535459_o-300x200.jpg 300w, https:\/\/hotel-imperator.fr\/wp-content\/uploads\/2020\/09\/120087021_171370184563201_7920135928216535459_o-768x512.jpg 768w, https:\/\/hotel-imperator.fr\/wp-content\/uploads\/2020\/09\/120087021_171370184563201_7920135928216535459_o-1536x1025.jpg 1536w, https:\/\/hotel-imperator.fr\/wp-content\/uploads\/2020\/09\/120087021_171370184563201_7920135928216535459_o.jpg 1968w\" sizes=\"(max-width: 800px) 100vw, 800px\" \/>\t\t\t\t\t\t\t\t\t\t\t\t\t\t\t<\/div>\n\t\t\t\t<\/div>\n\t\t\t\t<div class=\"elementor-element elementor-element-4a2627b elementor-align-center elementor-widget elementor-widget-button\" data-id=\"4a2627b\" data-element_type=\"widget\" data-e-type=\"widget\" data-widget_type=\"button.default\">\n\t\t\t\t<div class=\"elementor-widget-container\">\n\t\t\t\t\t\t\t\t\t<div class=\"elementor-button-wrapper\">\n\t\t\t\t\t<a class=\"elementor-button elementor-button-link elementor-size-sm\" href=\"http:\/\/hotel-imperator.fr\/en\/lhotel\/services\/\">\n\t\t\t\t\t\t<span class=\"elementor-button-content-wrapper\">\n\t\t\t\t\t\t\t\t\t<span class=\"elementor-button-text\">Discover our services<\/span>\n\t\t\t\t\t<\/span>\n\t\t\t\t\t<\/a>\n\t\t\t\t<\/div>\n\t\t\t\t\t\t\t\t<\/div>\n\t\t\t\t<\/div>\n\t\t\t\t\t<\/div>\n\t\t<\/div>\n\t\t\t\t\t<\/div>\n\t\t<\/section>\n\t\t\t\t<\/div>","protected":false},"excerpt":{"rendered":"<p>Un mythe qui s\u2019inscrit dans la modernit\u00e9 Sur les All\u00e9es Paul Riquet, au c\u0153ur du centre historique de B\u00e9ziers, se dresse au num\u00e9ro 28, une pure merveille haussmannienne : l\u2019H\u00f4tel Imperator, un lieu incontournable de la vie biterroise. Il accueille depuis toujours les aficionados et les grandes stars du monde de la corrida durant la [&hellip;]<\/p>\n","protected":false},"author":1,"featured_media":0,"parent":0,"menu_order":2,"comment_status":"closed","ping_status":"closed","template":"elementor_header_footer","meta":{"footnotes":""},"class_list":["post-139","page","type-page","status-publish","hentry"],"_links":{"self":[{"href":"https:\/\/hotel-imperator.fr\/en\/wp-json\/wp\/v2\/pages\/139","targetHints":{"allow":["GET"]}}],"collection":[{"href":"https:\/\/hotel-imperator.fr\/en\/wp-json\/wp\/v2\/pages"}],"about":[{"href":"https:\/\/hotel-imperator.fr\/en\/wp-json\/wp\/v2\/types\/page"}],"author":[{"embeddable":true,"href":"https:\/\/hotel-imperator.fr\/en\/wp-json\/wp\/v2\/users\/1"}],"replies":[{"embeddable":true,"href":"https:\/\/hotel-imperator.fr\/en\/wp-json\/wp\/v2\/comments?post=139"}],"version-history":[{"count":25,"href":"https:\/\/hotel-imperator.fr\/en\/wp-json\/wp\/v2\/pages\/139\/revisions"}],"predecessor-version":[{"id":744,"href":"https:\/\/hotel-imperator.fr\/en\/wp-json\/wp\/v2\/pages\/139\/revisions\/744"}],"wp:attachment":[{"href":"https:\/\/hotel-imperator.fr\/en\/wp-json\/wp\/v2\/media?parent=139"}],"curies":[{"name":"wp","href":"https:\/\/api.w.org\/{rel}","templated":true}]}}