{"id":147,"date":"2020-09-14T23:13:01","date_gmt":"2020-09-14T21:13:01","guid":{"rendered":"http:\/\/hotel-imperator.fr\/?page_id=147"},"modified":"2025-03-17T09:40:29","modified_gmt":"2025-03-17T08:40:29","slug":"seminaires","status":"publish","type":"page","link":"https:\/\/hotel-imperator.fr\/en\/seminaires\/","title":{"rendered":"Seminars"},"content":{"rendered":"<div data-elementor-type=\"wp-page\" data-elementor-id=\"147\" class=\"elementor elementor-147\" data-elementor-post-type=\"page\">\n\t\t\t\t\t\t<section class=\"elementor-section elementor-top-section elementor-element elementor-element-1eb18de0 elementor-section-content-middle elementor-section-boxed elementor-section-height-default elementor-section-height-default\" data-id=\"1eb18de0\" data-element_type=\"section\" data-e-type=\"section\" data-settings=\"{&quot;background_background&quot;:&quot;classic&quot;}\">\n\t\t\t\t\t\t\t<div class=\"elementor-background-overlay\"><\/div>\n\t\t\t\t\t\t\t<div class=\"elementor-container elementor-column-gap-no\">\n\t\t\t\t\t<div class=\"elementor-column elementor-col-100 elementor-top-column elementor-element elementor-element-28cab35\" data-id=\"28cab35\" data-element_type=\"column\" data-e-type=\"column\">\n\t\t\t<div class=\"elementor-widget-wrap\">\n\t\t\t\t\t\t\t<\/div>\n\t\t<\/div>\n\t\t\t\t\t<\/div>\n\t\t<\/section>\n\t\t\t\t<section class=\"elementor-section elementor-top-section elementor-element elementor-element-6e4f2aac elementor-section-boxed elementor-section-height-default elementor-section-height-default\" data-id=\"6e4f2aac\" data-element_type=\"section\" data-e-type=\"section\" data-settings=\"{&quot;background_background&quot;:&quot;gradient&quot;}\">\n\t\t\t\t\t\t<div class=\"elementor-container elementor-column-gap-default\">\n\t\t\t\t\t<div class=\"elementor-column elementor-col-100 elementor-top-column elementor-element elementor-element-33cef10e\" data-id=\"33cef10e\" data-element_type=\"column\" data-e-type=\"column\">\n\t\t\t<div class=\"elementor-widget-wrap elementor-element-populated\">\n\t\t\t\t\t\t<div class=\"elementor-element elementor-element-2eeb11d1 elementor-widget elementor-widget-image\" data-id=\"2eeb11d1\" data-element_type=\"widget\" data-e-type=\"widget\" data-widget_type=\"image.default\">\n\t\t\t\t<div class=\"elementor-widget-container\">\n\t\t\t\t\t\t\t\t\t\t\t\t\t\t\t<img fetchpriority=\"high\" decoding=\"async\" width=\"1580\" height=\"2385\" src=\"http:\/\/hotel-imperator.fr\/wp-content\/uploads\/2020\/09\/CHB_0221.jpg\" class=\"attachment-full size-full wp-image-238\" alt=\"\" srcset=\"http:\/\/hotel-imperator.fr\/wp-content\/uploads\/2020\/09\/CHB_0221.jpg 1580w, http:\/\/hotel-imperator.fr\/wp-content\/uploads\/2020\/09\/CHB_0221-199x300.jpg 199w, http:\/\/hotel-imperator.fr\/wp-content\/uploads\/2020\/09\/CHB_0221-678x1024.jpg 678w, http:\/\/hotel-imperator.fr\/wp-content\/uploads\/2020\/09\/CHB_0221-768x1159.jpg 768w, http:\/\/hotel-imperator.fr\/wp-content\/uploads\/2020\/09\/CHB_0221-1018x1536.jpg 1018w, http:\/\/hotel-imperator.fr\/wp-content\/uploads\/2020\/09\/CHB_0221-1357x2048.jpg 1357w\" sizes=\"(max-width: 1580px) 100vw, 1580px\" \/>\t\t\t\t\t\t\t\t\t\t\t\t\t\t\t<\/div>\n\t\t\t\t<\/div>\n\t\t\t\t\t<\/div>\n\t\t<\/div>\n\t\t\t\t\t<\/div>\n\t\t<\/section>\n\t\t\t\t<section class=\"elementor-section elementor-top-section elementor-element elementor-element-6a0a848e elementor-section-content-middle elementor-section-boxed elementor-section-height-default elementor-section-height-default\" data-id=\"6a0a848e\" data-element_type=\"section\" data-e-type=\"section\">\n\t\t\t\t\t\t\t<div class=\"elementor-background-overlay\"><\/div>\n\t\t\t\t\t\t\t<div class=\"elementor-container elementor-column-gap-default\">\n\t\t\t\t\t<div class=\"elementor-column elementor-col-50 elementor-top-column elementor-element elementor-element-7d921bf0\" data-id=\"7d921bf0\" data-element_type=\"column\" data-e-type=\"column\">\n\t\t\t<div class=\"elementor-widget-wrap elementor-element-populated\">\n\t\t\t\t\t\t<section class=\"elementor-section elementor-inner-section elementor-element elementor-element-46bfb42f elementor-section-boxed elementor-section-height-default elementor-section-height-default\" data-id=\"46bfb42f\" data-element_type=\"section\" data-e-type=\"section\">\n\t\t\t\t\t\t<div class=\"elementor-container elementor-column-gap-default\">\n\t\t\t\t\t<div class=\"elementor-column elementor-col-100 elementor-inner-column elementor-element elementor-element-78257914 elementor-hidden-phone\" data-id=\"78257914\" data-element_type=\"column\" data-e-type=\"column\">\n\t\t\t<div class=\"elementor-widget-wrap elementor-element-populated\">\n\t\t\t\t\t\t<div class=\"elementor-element elementor-element-507e10f1 elementor-widget elementor-widget-image\" data-id=\"507e10f1\" data-element_type=\"widget\" data-e-type=\"widget\" data-widget_type=\"image.default\">\n\t\t\t\t<div class=\"elementor-widget-container\">\n\t\t\t\t\t\t\t\t\t\t\t\t\t\t\t<img decoding=\"async\" width=\"678\" height=\"1024\" src=\"http:\/\/hotel-imperator.fr\/wp-content\/uploads\/2020\/09\/CHB_0221-678x1024.jpg\" class=\"attachment-large size-large wp-image-238\" alt=\"\" srcset=\"http:\/\/hotel-imperator.fr\/wp-content\/uploads\/2020\/09\/CHB_0221-678x1024.jpg 678w, http:\/\/hotel-imperator.fr\/wp-content\/uploads\/2020\/09\/CHB_0221-199x300.jpg 199w, http:\/\/hotel-imperator.fr\/wp-content\/uploads\/2020\/09\/CHB_0221-768x1159.jpg 768w, http:\/\/hotel-imperator.fr\/wp-content\/uploads\/2020\/09\/CHB_0221-1018x1536.jpg 1018w, http:\/\/hotel-imperator.fr\/wp-content\/uploads\/2020\/09\/CHB_0221-1357x2048.jpg 1357w, http:\/\/hotel-imperator.fr\/wp-content\/uploads\/2020\/09\/CHB_0221.jpg 1580w\" sizes=\"(max-width: 678px) 100vw, 678px\" \/>\t\t\t\t\t\t\t\t\t\t\t\t\t\t\t<\/div>\n\t\t\t\t<\/div>\n\t\t\t\t\t<\/div>\n\t\t<\/div>\n\t\t\t\t\t<\/div>\n\t\t<\/section>\n\t\t\t\t\t<\/div>\n\t\t<\/div>\n\t\t\t\t<div class=\"elementor-column elementor-col-50 elementor-top-column elementor-element elementor-element-729a0f95\" data-id=\"729a0f95\" data-element_type=\"column\" data-e-type=\"column\">\n\t\t\t<div class=\"elementor-widget-wrap elementor-element-populated\">\n\t\t\t\t\t\t<div class=\"elementor-element elementor-element-36a7bb7 elementor-widget elementor-widget-heading\" data-id=\"36a7bb7\" data-element_type=\"widget\" data-e-type=\"widget\" data-widget_type=\"heading.default\">\n\t\t\t\t<div class=\"elementor-widget-container\">\n\t\t\t\t\t<h2 class=\"elementor-heading-title elementor-size-default\">For your seminars and study days<\/h2>\t\t\t\t<\/div>\n\t\t\t\t<\/div>\n\t\t\t\t<div class=\"elementor-element elementor-element-5be081fa elementor-widget elementor-widget-text-editor\" data-id=\"5be081fa\" data-element_type=\"widget\" data-e-type=\"widget\" data-widget_type=\"text-editor.default\">\n\t\t\t\t<div class=\"elementor-widget-container\">\n\t\t\t\t\t\t\t\t\t<p>Located just steps from the B\u00e9ziers SNCF train station, in the heart of the historic center, Hotel Imperator is the ideal venue for hosting corporate seminars, meetings, product launches, business breakfasts, and conferences.<\/p><p>Our fully equipped and air-conditioned 50m\u00b2 seminar room is available for groups of 2 to 50 people, providing a professional and comfortable setting for your events.<\/p><p>Additionally, our patio is available for cocktail receptions, private gatherings, and networking events.<\/p>\t\t\t\t\t\t\t\t<\/div>\n\t\t\t\t<\/div>\n\t\t\t\t\t<\/div>\n\t\t<\/div>\n\t\t\t\t\t<\/div>\n\t\t<\/section>\n\t\t\t\t<section class=\"elementor-section elementor-top-section elementor-element elementor-element-89b8501 elementor-section-boxed elementor-section-height-default elementor-section-height-default\" data-id=\"89b8501\" data-element_type=\"section\" data-e-type=\"section\">\n\t\t\t\t\t\t<div class=\"elementor-container elementor-column-gap-default\">\n\t\t\t\t\t<div class=\"elementor-column elementor-col-100 elementor-top-column elementor-element elementor-element-07ac1fe\" data-id=\"07ac1fe\" data-element_type=\"column\" data-e-type=\"column\">\n\t\t\t<div class=\"elementor-widget-wrap elementor-element-populated\">\n\t\t\t\t\t\t<div class=\"elementor-element elementor-element-5e94102 elementor-align-center elementor-widget elementor-widget-button\" data-id=\"5e94102\" data-element_type=\"widget\" data-e-type=\"widget\" data-widget_type=\"button.default\">\n\t\t\t\t<div class=\"elementor-widget-container\">\n\t\t\t\t\t\t\t\t\t<div class=\"elementor-button-wrapper\">\n\t\t\t\t\t<a class=\"elementor-button elementor-button-link elementor-size-sm\" href=\"https:\/\/ljhco.backyou.app\/c\/request\/hotel-imperator#__step_request_0\" target=\"_blank\">\n\t\t\t\t\t\t<span class=\"elementor-button-content-wrapper\">\n\t\t\t\t\t\t\t\t\t<span class=\"elementor-button-text\">Request for quotation<\/span>\n\t\t\t\t\t<\/span>\n\t\t\t\t\t<\/a>\n\t\t\t\t<\/div>\n\t\t\t\t\t\t\t\t<\/div>\n\t\t\t\t<\/div>\n\t\t\t\t\t<\/div>\n\t\t<\/div>\n\t\t\t\t\t<\/div>\n\t\t<\/section>\n\t\t\t\t<section class=\"elementor-section elementor-top-section elementor-element elementor-element-17414329 elementor-section-boxed elementor-section-height-default elementor-section-height-default\" data-id=\"17414329\" data-element_type=\"section\" data-e-type=\"section\">\n\t\t\t\t\t\t<div class=\"elementor-container elementor-column-gap-wide\">\n\t\t\t\t\t<div class=\"elementor-column elementor-col-100 elementor-top-column elementor-element elementor-element-3fa353c8\" data-id=\"3fa353c8\" data-element_type=\"column\" data-e-type=\"column\">\n\t\t\t<div class=\"elementor-widget-wrap elementor-element-populated\">\n\t\t\t\t\t\t<section class=\"elementor-section elementor-inner-section elementor-element elementor-element-19e21c15 elementor-section-boxed elementor-section-height-default elementor-section-height-default\" data-id=\"19e21c15\" data-element_type=\"section\" data-e-type=\"section\">\n\t\t\t\t\t\t<div class=\"elementor-container elementor-column-gap-default\">\n\t\t\t\t\t<div class=\"elementor-column elementor-col-100 elementor-inner-column elementor-element elementor-element-759164af\" data-id=\"759164af\" data-element_type=\"column\" data-e-type=\"column\">\n\t\t\t<div class=\"elementor-widget-wrap elementor-element-populated\">\n\t\t\t\t\t\t<div class=\"elementor-element elementor-element-3965b1d4 elementor-widget elementor-widget-heading\" data-id=\"3965b1d4\" data-element_type=\"widget\" data-e-type=\"widget\" data-widget_type=\"heading.default\">\n\t\t\t\t<div class=\"elementor-widget-container\">\n\t\t\t\t\t<h2 class=\"elementor-heading-title elementor-size-default\">Our services<\/h2>\t\t\t\t<\/div>\n\t\t\t\t<\/div>\n\t\t\t\t\t<\/div>\n\t\t<\/div>\n\t\t\t\t\t<\/div>\n\t\t<\/section>\n\t\t\t\t<section class=\"elementor-section elementor-inner-section elementor-element elementor-element-32020b5b elementor-section-boxed elementor-section-height-default elementor-section-height-default\" data-id=\"32020b5b\" data-element_type=\"section\" data-e-type=\"section\">\n\t\t\t\t\t\t<div class=\"elementor-container elementor-column-gap-default\">\n\t\t\t\t\t<div class=\"elementor-column elementor-col-50 elementor-inner-column elementor-element elementor-element-4fe887ae\" data-id=\"4fe887ae\" data-element_type=\"column\" data-e-type=\"column\">\n\t\t\t<div class=\"elementor-widget-wrap elementor-element-populated\">\n\t\t\t\t\t\t<div class=\"elementor-element elementor-element-3960360c elementor-widget elementor-widget-image\" data-id=\"3960360c\" data-element_type=\"widget\" data-e-type=\"widget\" data-widget_type=\"image.default\">\n\t\t\t\t<div class=\"elementor-widget-container\">\n\t\t\t\t\t\t\t\t\t\t\t\t\t\t\t<img decoding=\"async\" width=\"800\" height=\"616\" src=\"http:\/\/hotel-imperator.fr\/wp-content\/uploads\/2023\/06\/PHOTO-2021-10-28-09-14-03-e1688118453675.jpeg\" class=\"attachment-large size-large wp-image-542\" alt=\"\" srcset=\"http:\/\/hotel-imperator.fr\/wp-content\/uploads\/2023\/06\/PHOTO-2021-10-28-09-14-03-e1688118453675.jpeg 875w, http:\/\/hotel-imperator.fr\/wp-content\/uploads\/2023\/06\/PHOTO-2021-10-28-09-14-03-e1688118453675-300x231.jpeg 300w, http:\/\/hotel-imperator.fr\/wp-content\/uploads\/2023\/06\/PHOTO-2021-10-28-09-14-03-e1688118453675-768x592.jpeg 768w, http:\/\/hotel-imperator.fr\/wp-content\/uploads\/2023\/06\/PHOTO-2021-10-28-09-14-03-e1688118453675-16x12.jpeg 16w\" sizes=\"(max-width: 800px) 100vw, 800px\" \/>\t\t\t\t\t\t\t\t\t\t\t\t\t\t\t<\/div>\n\t\t\t\t<\/div>\n\t\t\t\t<div class=\"elementor-element elementor-element-b2b4472 elementor-widget elementor-widget-heading\" data-id=\"b2b4472\" data-element_type=\"widget\" data-e-type=\"widget\" data-widget_type=\"heading.default\">\n\t\t\t\t<div class=\"elementor-widget-container\">\n\t\t\t\t\t<h2 class=\"elementor-heading-title elementor-size-default\">Meeting room equipment<\/h2>\t\t\t\t<\/div>\n\t\t\t\t<\/div>\n\t\t\t\t<div class=\"elementor-element elementor-element-2cf8b9a4 elementor-widget elementor-widget-text-editor\" data-id=\"2cf8b9a4\" data-element_type=\"widget\" data-e-type=\"widget\" data-widget_type=\"text-editor.default\">\n\t\t\t\t<div class=\"elementor-widget-container\">\n\t\t\t\t\t\t\t\t\t<ul><li style=\"text-align: left;\">Wall-mounted screen &amp; projector<\/li><li style=\"text-align: left;\">Flipchart, paper &amp; pens<\/li><li style=\"text-align: left;\">Bottled water &amp; glasses<\/li><li style=\"text-align: left;\">High-speed WiFi<\/li><li style=\"text-align: left;\">Video conferencing system<\/li><li style=\"text-align: left;\">Sound system &amp; microphone<\/li><li>HDMI cable<\/li><li>Projectors<\/li><li>Whiteboards<\/li><li>Power strips<\/li><li>Coat rack<\/li><\/ul>\t\t\t\t\t\t\t\t<\/div>\n\t\t\t\t<\/div>\n\t\t\t\t\t<\/div>\n\t\t<\/div>\n\t\t\t\t<div class=\"elementor-column elementor-col-50 elementor-inner-column elementor-element elementor-element-12807a86\" data-id=\"12807a86\" data-element_type=\"column\" data-e-type=\"column\">\n\t\t\t<div class=\"elementor-widget-wrap elementor-element-populated\">\n\t\t\t\t\t\t<div class=\"elementor-element elementor-element-80cc50e elementor-widget elementor-widget-image\" data-id=\"80cc50e\" data-element_type=\"widget\" data-e-type=\"widget\" data-widget_type=\"image.default\">\n\t\t\t\t<div class=\"elementor-widget-container\">\n\t\t\t\t\t\t\t\t\t\t\t\t\t\t\t<img loading=\"lazy\" decoding=\"async\" width=\"800\" height=\"600\" src=\"http:\/\/hotel-imperator.fr\/wp-content\/uploads\/2023\/06\/PHOTO-2023-05-12-18-48-21.jpeg\" class=\"attachment-large size-large wp-image-543\" alt=\"\" srcset=\"http:\/\/hotel-imperator.fr\/wp-content\/uploads\/2023\/06\/PHOTO-2023-05-12-18-48-21.jpeg 800w, http:\/\/hotel-imperator.fr\/wp-content\/uploads\/2023\/06\/PHOTO-2023-05-12-18-48-21-300x225.jpeg 300w, http:\/\/hotel-imperator.fr\/wp-content\/uploads\/2023\/06\/PHOTO-2023-05-12-18-48-21-768x576.jpeg 768w, http:\/\/hotel-imperator.fr\/wp-content\/uploads\/2023\/06\/PHOTO-2023-05-12-18-48-21-16x12.jpeg 16w\" sizes=\"(max-width: 800px) 100vw, 800px\" \/>\t\t\t\t\t\t\t\t\t\t\t\t\t\t\t<\/div>\n\t\t\t\t<\/div>\n\t\t\t\t<div class=\"elementor-element elementor-element-7536733b elementor-widget elementor-widget-heading\" data-id=\"7536733b\" data-element_type=\"widget\" data-e-type=\"widget\" data-widget_type=\"heading.default\">\n\t\t\t\t<div class=\"elementor-widget-container\">\n\t\t\t\t\t<h2 class=\"elementor-heading-title elementor-size-default\">Catering Services<\/h2>\t\t\t\t<\/div>\n\t\t\t\t<\/div>\n\t\t\t\t<div class=\"elementor-element elementor-element-43916897 elementor-widget elementor-widget-text-editor\" data-id=\"43916897\" data-element_type=\"widget\" data-e-type=\"widget\" data-widget_type=\"text-editor.default\">\n\t\t\t\t<div class=\"elementor-widget-container\">\n\t\t\t\t\t\t\t\t\t<p style=\"text-align: left;\">As part of your event, the H\u00f4tel Imperator offers coffee breaks, sweet and savory snacks. For your cocktails, meal trays, or buffets, we work with our local partners.<\/p>\t\t\t\t\t\t\t\t<\/div>\n\t\t\t\t<\/div>\n\t\t\t\t\t<\/div>\n\t\t<\/div>\n\t\t\t\t\t<\/div>\n\t\t<\/section>\n\t\t\t\t\t<\/div>\n\t\t<\/div>\n\t\t\t\t\t<\/div>\n\t\t<\/section>\n\t\t\t\t<\/div>","protected":false},"excerpt":{"rendered":"<p>Pour vos s\u00e9minaires et journ\u00e9es d\u2019\u00e9tude Situ\u00e9 \u00e0 deux pas de la gare SNCF, en plein c\u0153ur du centre historique de B\u00e9ziers, L\u2019H\u00f4tel Imperator est le lieu id\u00e9al pour organiser vos s\u00e9minaires. Notre \u00e9tablissement, avec sa salle d\u00e9di\u00e9e \u00e0 tous vos \u00e9v\u00e8nements professionnels, vous accueille pour vos s\u00e9minaires d\u2019entreprise, r\u00e9unions, lancement de produits, petits d\u00e9jeuners [&hellip;]<\/p>\n","protected":false},"author":1,"featured_media":0,"parent":0,"menu_order":3,"comment_status":"closed","ping_status":"closed","template":"elementor_header_footer","meta":{"footnotes":""},"class_list":["post-147","page","type-page","status-publish","hentry"],"_links":{"self":[{"href":"https:\/\/hotel-imperator.fr\/en\/wp-json\/wp\/v2\/pages\/147","targetHints":{"allow":["GET"]}}],"collection":[{"href":"https:\/\/hotel-imperator.fr\/en\/wp-json\/wp\/v2\/pages"}],"about":[{"href":"https:\/\/hotel-imperator.fr\/en\/wp-json\/wp\/v2\/types\/page"}],"author":[{"embeddable":true,"href":"https:\/\/hotel-imperator.fr\/en\/wp-json\/wp\/v2\/users\/1"}],"replies":[{"embeddable":true,"href":"https:\/\/hotel-imperator.fr\/en\/wp-json\/wp\/v2\/comments?post=147"}],"version-history":[{"count":32,"href":"https:\/\/hotel-imperator.fr\/en\/wp-json\/wp\/v2\/pages\/147\/revisions"}],"predecessor-version":[{"id":804,"href":"https:\/\/hotel-imperator.fr\/en\/wp-json\/wp\/v2\/pages\/147\/revisions\/804"}],"wp:attachment":[{"href":"https:\/\/hotel-imperator.fr\/en\/wp-json\/wp\/v2\/media?parent=147"}],"curies":[{"name":"wp","href":"https:\/\/api.w.org\/{rel}","templated":true}]}}