{"id":157,"date":"2020-09-14T23:14:57","date_gmt":"2020-09-14T21:14:57","guid":{"rendered":"http:\/\/hotel-imperator.fr\/?page_id=157"},"modified":"2026-03-13T16:36:01","modified_gmt":"2026-03-13T15:36:01","slug":"services","status":"publish","type":"page","link":"https:\/\/hotel-imperator.fr\/en\/lhotel\/services\/","title":{"rendered":"Services"},"content":{"rendered":"<div data-elementor-type=\"wp-page\" data-elementor-id=\"157\" class=\"elementor elementor-157\" data-elementor-post-type=\"page\">\n\t\t\t\t\t\t<section class=\"elementor-section elementor-top-section elementor-element elementor-element-58931bb8 elementor-section-content-middle elementor-section-boxed elementor-section-height-default elementor-section-height-default\" data-id=\"58931bb8\" data-element_type=\"section\" data-e-type=\"section\" data-settings=\"{&quot;background_background&quot;:&quot;classic&quot;}\">\n\t\t\t\t\t\t\t<div class=\"elementor-background-overlay\"><\/div>\n\t\t\t\t\t\t\t<div class=\"elementor-container elementor-column-gap-no\">\n\t\t\t\t\t<div class=\"elementor-column elementor-col-100 elementor-top-column elementor-element elementor-element-dfd47fe\" data-id=\"dfd47fe\" data-element_type=\"column\" data-e-type=\"column\">\n\t\t\t<div class=\"elementor-widget-wrap\">\n\t\t\t\t\t\t\t<\/div>\n\t\t<\/div>\n\t\t\t\t\t<\/div>\n\t\t<\/section>\n\t\t\t\t<section class=\"elementor-section elementor-top-section elementor-element elementor-element-53aa219b elementor-section-boxed elementor-section-height-default elementor-section-height-default\" data-id=\"53aa219b\" data-element_type=\"section\" data-e-type=\"section\" data-settings=\"{&quot;background_background&quot;:&quot;gradient&quot;}\">\n\t\t\t\t\t\t<div class=\"elementor-container elementor-column-gap-default\">\n\t\t\t\t\t<div class=\"elementor-column elementor-col-100 elementor-top-column elementor-element elementor-element-755a6a8a\" data-id=\"755a6a8a\" data-element_type=\"column\" data-e-type=\"column\">\n\t\t\t<div class=\"elementor-widget-wrap elementor-element-populated\">\n\t\t\t\t\t\t<div class=\"elementor-element elementor-element-1d4e69ef elementor-widget elementor-widget-image\" data-id=\"1d4e69ef\" data-element_type=\"widget\" data-e-type=\"widget\" data-widget_type=\"image.default\">\n\t\t\t\t<div class=\"elementor-widget-container\">\n\t\t\t\t\t\t\t\t\t\t\t\t\t\t\t<img fetchpriority=\"high\" decoding=\"async\" width=\"800\" height=\"530\" src=\"https:\/\/hotel-imperator.fr\/wp-content\/uploads\/2020\/09\/CHB_0233-1024x678.jpg\" class=\"attachment-large size-large wp-image-245\" alt=\"\" srcset=\"https:\/\/hotel-imperator.fr\/wp-content\/uploads\/2020\/09\/CHB_0233-1024x678.jpg 1024w, https:\/\/hotel-imperator.fr\/wp-content\/uploads\/2020\/09\/CHB_0233-300x199.jpg 300w, https:\/\/hotel-imperator.fr\/wp-content\/uploads\/2020\/09\/CHB_0233-768x509.jpg 768w, https:\/\/hotel-imperator.fr\/wp-content\/uploads\/2020\/09\/CHB_0233-1536x1018.jpg 1536w, https:\/\/hotel-imperator.fr\/wp-content\/uploads\/2020\/09\/CHB_0233.jpg 2048w\" sizes=\"(max-width: 800px) 100vw, 800px\" \/>\t\t\t\t\t\t\t\t\t\t\t\t\t\t\t<\/div>\n\t\t\t\t<\/div>\n\t\t\t\t\t<\/div>\n\t\t<\/div>\n\t\t\t\t\t<\/div>\n\t\t<\/section>\n\t\t\t\t<section class=\"elementor-section elementor-top-section elementor-element elementor-element-6105a1c6 elementor-section-content-middle elementor-section-boxed elementor-section-height-default elementor-section-height-default\" data-id=\"6105a1c6\" data-element_type=\"section\" data-e-type=\"section\">\n\t\t\t\t\t\t\t<div class=\"elementor-background-overlay\"><\/div>\n\t\t\t\t\t\t\t<div class=\"elementor-container elementor-column-gap-default\">\n\t\t\t\t\t<div class=\"elementor-column elementor-col-100 elementor-top-column elementor-element elementor-element-44c0483e\" data-id=\"44c0483e\" data-element_type=\"column\" data-e-type=\"column\">\n\t\t\t<div class=\"elementor-widget-wrap elementor-element-populated\">\n\t\t\t\t\t\t<div class=\"elementor-element elementor-element-58b60ef8 elementor-widget elementor-widget-heading\" data-id=\"58b60ef8\" data-element_type=\"widget\" data-e-type=\"widget\" data-widget_type=\"heading.default\">\n\t\t\t\t<div class=\"elementor-widget-container\">\n\t\t\t\t\t<h2 class=\"elementor-heading-title elementor-size-default\">Personalized &amp; attentive service<\/h2>\t\t\t\t<\/div>\n\t\t\t\t<\/div>\n\t\t\t\t<div class=\"elementor-element elementor-element-33036b4c elementor-widget elementor-widget-text-editor\" data-id=\"33036b4c\" data-element_type=\"widget\" data-e-type=\"widget\" data-widget_type=\"text-editor.default\">\n\t\t\t\t<div class=\"elementor-widget-container\">\n\t\t\t\t\t\t\t\t\t<p style=\"text-align: left;\">A stay at Hotel Imperator means enjoying personalized service and a range of premium amenities designed for your comfort.<\/p><ul style=\"text-align: left;\"><li>24\/7 reception with a multilingual team<\/li><li>Free &amp; unlimited WiFi in rooms and all common areas<\/li><li>Relaxation area<\/li><li>Private interior courtyard<\/li><li>Bar open from 12pm to 11.30pm.<\/li><li>Air conditioning throughout the hotel<\/li><li>Public parking nearby (Jean Jaur\u00e8s Parking)<\/li><li>Breakfast buffet served from 7:00 AM to 10:00 AM on weekdays, and until 11:00 AM on weekends &amp; public holidays<\/li><\/ul><ul><li style=\"text-align: left;\">1 seminar room of 44m\u00b2, fully equipped, accommodating up to 40 people<ul><li>Classroom style: up to 20 guests<\/li><li>U-shape: up to 20 guests<\/li><li>Theater style: up to 40 guests<\/li><li>Boardroom style: up to 16 guests<\/li><\/ul><\/li><li style=\"text-align: left;\">Our team can organize corporate seminars, business breakfasts, conferences, incentives, and more...<\/li><\/ul>\t\t\t\t\t\t\t\t<\/div>\n\t\t\t\t<\/div>\n\t\t\t\t<div class=\"elementor-element elementor-element-97296d1 elementor-hidden-desktop elementor-hidden-tablet elementor-hidden-mobile elementor-widget elementor-widget-text-editor\" data-id=\"97296d1\" data-element_type=\"widget\" data-e-type=\"widget\" data-widget_type=\"text-editor.default\">\n\t\t\t\t<div class=\"elementor-widget-container\">\n\t\t\t\t\t\t\t\t\t<ul><li>The establishment is not accessible to people with reduced mobility except for the outdoor terrace and the patio (opening soon of a room on the ground floor)<\/li><\/ul>\t\t\t\t\t\t\t\t<\/div>\n\t\t\t\t<\/div>\n\t\t\t\t\t<\/div>\n\t\t<\/div>\n\t\t\t\t\t<\/div>\n\t\t<\/section>\n\t\t\t\t<section class=\"elementor-section elementor-top-section elementor-element elementor-element-966888e elementor-section-boxed elementor-section-height-default elementor-section-height-default\" data-id=\"966888e\" data-element_type=\"section\" data-e-type=\"section\">\n\t\t\t\t\t\t<div class=\"elementor-container elementor-column-gap-default\">\n\t\t\t\t\t<div class=\"elementor-column elementor-col-100 elementor-top-column elementor-element elementor-element-82d5a05\" data-id=\"82d5a05\" data-element_type=\"column\" data-e-type=\"column\">\n\t\t\t<div class=\"elementor-widget-wrap elementor-element-populated\">\n\t\t\t\t\t\t<div class=\"elementor-element elementor-element-018af95 elementor-widget elementor-widget-heading\" data-id=\"018af95\" data-element_type=\"widget\" data-e-type=\"widget\" data-widget_type=\"heading.default\">\n\t\t\t\t<div class=\"elementor-widget-container\">\n\t\t\t\t\t<h2 class=\"elementor-heading-title elementor-size-default\">Consult our Room Directory<\/h2>\t\t\t\t<\/div>\n\t\t\t\t<\/div>\n\t\t\t\t<div class=\"elementor-element elementor-element-b68798b elementor-align-center elementor-widget elementor-widget-button\" data-id=\"b68798b\" data-element_type=\"widget\" data-e-type=\"widget\" data-widget_type=\"button.default\">\n\t\t\t\t<div class=\"elementor-widget-container\">\n\t\t\t\t\t\t\t\t\t<div class=\"elementor-button-wrapper\">\n\t\t\t\t\t<a class=\"elementor-button elementor-button-link elementor-size-sm\" href=\"http:\/\/hotel-imperator.fr\/wp-content\/uploads\/2026\/03\/130326-modifie-Room-Directory-Hotel-Imperator.pdf\" target=\"_blank\">\n\t\t\t\t\t\t<span class=\"elementor-button-content-wrapper\">\n\t\t\t\t\t\t\t\t\t<span class=\"elementor-button-text\">ROOM DIRECTORY<\/span>\n\t\t\t\t\t<\/span>\n\t\t\t\t\t<\/a>\n\t\t\t\t<\/div>\n\t\t\t\t\t\t\t\t<\/div>\n\t\t\t\t<\/div>\n\t\t\t\t\t<\/div>\n\t\t<\/div>\n\t\t\t\t\t<\/div>\n\t\t<\/section>\n\t\t\t\t<\/div>","protected":false},"excerpt":{"rendered":"<p>Un service attentif Pour votre confort l&rsquo;H\u00f4tel Imperator propose un service personnalis\u00e9. S\u00e9journer \u00e0 l&rsquo;H\u00f4tel Imperator \u00e0 B\u00e9ziers c&rsquo;est \u00e9galement profiter des nombreux services que nous mettons \u00e0 votre disposition. R\u00e9ception ouverte 24h\/24 et 7j\/7 avec \u00e9quipe multilingue. Connexion WiFi gratuite et illimit\u00e9e, depuis votre chambre et tous les espaces communs de l&rsquo;h\u00f4tel. Espace d\u00e9tente [&hellip;]<\/p>\n","protected":false},"author":1,"featured_media":0,"parent":139,"menu_order":2,"comment_status":"closed","ping_status":"closed","template":"elementor_header_footer","meta":{"footnotes":""},"class_list":["post-157","page","type-page","status-publish","hentry"],"_links":{"self":[{"href":"https:\/\/hotel-imperator.fr\/en\/wp-json\/wp\/v2\/pages\/157","targetHints":{"allow":["GET"]}}],"collection":[{"href":"https:\/\/hotel-imperator.fr\/en\/wp-json\/wp\/v2\/pages"}],"about":[{"href":"https:\/\/hotel-imperator.fr\/en\/wp-json\/wp\/v2\/types\/page"}],"author":[{"embeddable":true,"href":"https:\/\/hotel-imperator.fr\/en\/wp-json\/wp\/v2\/users\/1"}],"replies":[{"embeddable":true,"href":"https:\/\/hotel-imperator.fr\/en\/wp-json\/wp\/v2\/comments?post=157"}],"version-history":[{"count":74,"href":"https:\/\/hotel-imperator.fr\/en\/wp-json\/wp\/v2\/pages\/157\/revisions"}],"predecessor-version":[{"id":834,"href":"https:\/\/hotel-imperator.fr\/en\/wp-json\/wp\/v2\/pages\/157\/revisions\/834"}],"up":[{"embeddable":true,"href":"https:\/\/hotel-imperator.fr\/en\/wp-json\/wp\/v2\/pages\/139"}],"wp:attachment":[{"href":"https:\/\/hotel-imperator.fr\/en\/wp-json\/wp\/v2\/media?parent=157"}],"curies":[{"name":"wp","href":"https:\/\/api.w.org\/{rel}","templated":true}]}}