{"id":256,"date":"2020-09-22T21:00:26","date_gmt":"2020-09-22T19:00:26","guid":{"rendered":"http:\/\/hotel-imperator.fr\/?page_id=256"},"modified":"2025-05-23T08:43:35","modified_gmt":"2025-05-23T06:43:35","slug":"decouvrir","status":"publish","type":"page","link":"https:\/\/hotel-imperator.fr\/en\/decouvrir\/","title":{"rendered":"D\u00e9couvrir"},"content":{"rendered":"<div data-elementor-type=\"wp-page\" data-elementor-id=\"256\" class=\"elementor elementor-256\" data-elementor-post-type=\"page\">\n\t\t\t\t\t\t<section class=\"elementor-section elementor-top-section elementor-element elementor-element-6444e236 elementor-section-content-middle elementor-section-boxed elementor-section-height-default elementor-section-height-default\" data-id=\"6444e236\" data-element_type=\"section\" data-e-type=\"section\" data-settings=\"{&quot;background_background&quot;:&quot;classic&quot;}\">\n\t\t\t\t\t\t\t<div class=\"elementor-background-overlay\"><\/div>\n\t\t\t\t\t\t\t<div class=\"elementor-container elementor-column-gap-no\">\n\t\t\t\t\t<div class=\"elementor-column elementor-col-100 elementor-top-column elementor-element elementor-element-b9045ef\" data-id=\"b9045ef\" data-element_type=\"column\" data-e-type=\"column\">\n\t\t\t<div class=\"elementor-widget-wrap\">\n\t\t\t\t\t\t\t<\/div>\n\t\t<\/div>\n\t\t\t\t\t<\/div>\n\t\t<\/section>\n\t\t\t\t<section class=\"elementor-section elementor-top-section elementor-element elementor-element-2ea7175d elementor-section-boxed elementor-section-height-default elementor-section-height-default\" data-id=\"2ea7175d\" data-element_type=\"section\" data-e-type=\"section\" data-settings=\"{&quot;background_background&quot;:&quot;gradient&quot;}\">\n\t\t\t\t\t\t<div class=\"elementor-container elementor-column-gap-default\">\n\t\t\t\t\t<div class=\"elementor-column elementor-col-100 elementor-top-column elementor-element elementor-element-21776a6\" data-id=\"21776a6\" data-element_type=\"column\" data-e-type=\"column\">\n\t\t\t<div class=\"elementor-widget-wrap elementor-element-populated\">\n\t\t\t\t\t\t<div class=\"elementor-element elementor-element-d950097 elementor-widget elementor-widget-image\" data-id=\"d950097\" data-element_type=\"widget\" data-e-type=\"widget\" data-widget_type=\"image.default\">\n\t\t\t\t<div class=\"elementor-widget-container\">\n\t\t\t\t\t\t\t\t\t\t\t\t\t\t\t<img fetchpriority=\"high\" decoding=\"async\" width=\"800\" height=\"374\" src=\"https:\/\/hotel-imperator.fr\/wp-content\/uploads\/2020\/09\/13-copie-1024x479.jpg\" class=\"attachment-large size-large wp-image-278\" alt=\"\" srcset=\"https:\/\/hotel-imperator.fr\/wp-content\/uploads\/2020\/09\/13-copie-1024x479.jpg 1024w, https:\/\/hotel-imperator.fr\/wp-content\/uploads\/2020\/09\/13-copie-300x140.jpg 300w, https:\/\/hotel-imperator.fr\/wp-content\/uploads\/2020\/09\/13-copie-768x360.jpg 768w, https:\/\/hotel-imperator.fr\/wp-content\/uploads\/2020\/09\/13-copie-1536x719.jpg 1536w, https:\/\/hotel-imperator.fr\/wp-content\/uploads\/2020\/09\/13-copie-scaled.jpg 2048w\" sizes=\"(max-width: 800px) 100vw, 800px\" \/>\t\t\t\t\t\t\t\t\t\t\t\t\t\t\t<\/div>\n\t\t\t\t<\/div>\n\t\t\t\t\t<\/div>\n\t\t<\/div>\n\t\t\t\t\t<\/div>\n\t\t<\/section>\n\t\t\t\t<section class=\"elementor-section elementor-top-section elementor-element elementor-element-4f0fcadb elementor-section-content-middle elementor-section-boxed elementor-section-height-default elementor-section-height-default\" data-id=\"4f0fcadb\" data-element_type=\"section\" data-e-type=\"section\">\n\t\t\t\t\t\t\t<div class=\"elementor-background-overlay\"><\/div>\n\t\t\t\t\t\t\t<div class=\"elementor-container elementor-column-gap-default\">\n\t\t\t\t\t<div class=\"elementor-column elementor-col-100 elementor-top-column elementor-element elementor-element-47e3589e\" data-id=\"47e3589e\" data-element_type=\"column\" data-e-type=\"column\">\n\t\t\t<div class=\"elementor-widget-wrap elementor-element-populated\">\n\t\t\t\t\t\t<div class=\"elementor-element elementor-element-18ef3052 elementor-widget elementor-widget-heading\" data-id=\"18ef3052\" data-element_type=\"widget\" data-e-type=\"widget\" data-widget_type=\"heading.default\">\n\t\t\t\t<div class=\"elementor-widget-container\">\n\t\t\t\t\t<h2 class=\"elementor-heading-title elementor-size-default\">During your visit, do not miss... <\/h2>\t\t\t\t<\/div>\n\t\t\t\t<\/div>\n\t\t\t\t\t<\/div>\n\t\t<\/div>\n\t\t\t\t\t<\/div>\n\t\t<\/section>\n\t\t\t\t<section class=\"elementor-section elementor-top-section elementor-element elementor-element-aa63cc9 elementor-section-boxed elementor-section-height-default elementor-section-height-default\" data-id=\"aa63cc9\" data-element_type=\"section\" data-e-type=\"section\">\n\t\t\t\t\t\t<div class=\"elementor-container elementor-column-gap-default\">\n\t\t\t\t\t<div class=\"elementor-column elementor-col-50 elementor-top-column elementor-element elementor-element-fbb0a7f\" data-id=\"fbb0a7f\" data-element_type=\"column\" data-e-type=\"column\">\n\t\t\t<div class=\"elementor-widget-wrap elementor-element-populated\">\n\t\t\t\t\t\t<div class=\"elementor-element elementor-element-c4fb25b elementor-hidden-phone elementor-widget elementor-widget-image\" data-id=\"c4fb25b\" data-element_type=\"widget\" data-e-type=\"widget\" data-widget_type=\"image.default\">\n\t\t\t\t<div class=\"elementor-widget-container\">\n\t\t\t\t\t\t\t\t\t\t\t\t\t\t\t<img decoding=\"async\" width=\"1600\" height=\"900\" src=\"https:\/\/hotel-imperator.fr\/wp-content\/uploads\/2025\/05\/csm_DSC_7073_cea93bf3a0.jpg\" class=\"attachment-full size-full wp-image-806\" alt=\"\" srcset=\"https:\/\/hotel-imperator.fr\/wp-content\/uploads\/2025\/05\/csm_DSC_7073_cea93bf3a0.jpg 1600w, https:\/\/hotel-imperator.fr\/wp-content\/uploads\/2025\/05\/csm_DSC_7073_cea93bf3a0-300x169.jpg 300w, https:\/\/hotel-imperator.fr\/wp-content\/uploads\/2025\/05\/csm_DSC_7073_cea93bf3a0-1024x576.jpg 1024w, https:\/\/hotel-imperator.fr\/wp-content\/uploads\/2025\/05\/csm_DSC_7073_cea93bf3a0-768x432.jpg 768w, https:\/\/hotel-imperator.fr\/wp-content\/uploads\/2025\/05\/csm_DSC_7073_cea93bf3a0-1536x864.jpg 1536w, https:\/\/hotel-imperator.fr\/wp-content\/uploads\/2025\/05\/csm_DSC_7073_cea93bf3a0-18x10.jpg 18w\" sizes=\"(max-width: 1600px) 100vw, 1600px\" \/>\t\t\t\t\t\t\t\t\t\t\t\t\t\t\t<\/div>\n\t\t\t\t<\/div>\n\t\t\t\t\t<\/div>\n\t\t<\/div>\n\t\t\t\t<div class=\"elementor-column elementor-col-50 elementor-top-column elementor-element elementor-element-21be40e\" data-id=\"21be40e\" data-element_type=\"column\" data-e-type=\"column\">\n\t\t\t<div class=\"elementor-widget-wrap elementor-element-populated\">\n\t\t\t\t\t\t<div class=\"elementor-element elementor-element-5cf2a027 elementor-widget elementor-widget-heading\" data-id=\"5cf2a027\" data-element_type=\"widget\" data-e-type=\"widget\" data-widget_type=\"heading.default\">\n\t\t\t\t<div class=\"elementor-widget-container\">\n\t\t\t\t\t<h2 class=\"elementor-heading-title elementor-size-default\">The Paul Riquet alleys<\/h2>\t\t\t\t<\/div>\n\t\t\t\t<\/div>\n\t\t\t\t<div class=\"elementor-element elementor-element-68d688b3 elementor-widget elementor-widget-heading\" data-id=\"68d688b3\" data-element_type=\"widget\" data-e-type=\"widget\" data-widget_type=\"heading.default\">\n\t\t\t\t<div class=\"elementor-widget-container\">\n\t\t\t\t\t<h2 class=\"elementor-heading-title elementor-size-default\">Built in 1827, Les All\u00e9es Paul Riquet were constructed by filling in the moats of the old city walls, which had surrounded B\u00e9ziers until the 17th century. Since then, they have remained the heart of local life, a perfect place for a leisurely stroll\u2014especially on Friday mornings when the vibrant flower market takes over the boulevard.\nAt the northern tip, you\u2019ll find the Municipal Theater. At the southern tip, the entrance to the Plateau des Po\u00e8tes, a stunning 5-hectare English-style garden. In the center, the statue of Paul Riquet, sculpted in 1838 by David d\u2019Angers, honors the creator of the Canal du Midi.\nThe All\u00e9es also mark the boundary between the old city\u2014with its ancient, medieval, and classical heritage\u2014and the \u201cnew city\u201d, which expanded in the 19th century during the region\u2019s wine boom.\n<\/h2>\t\t\t\t<\/div>\n\t\t\t\t<\/div>\n\t\t\t\t\t<\/div>\n\t\t<\/div>\n\t\t\t\t\t<\/div>\n\t\t<\/section>\n\t\t\t\t<section class=\"elementor-section elementor-top-section elementor-element elementor-element-8d48f59 elementor-section-boxed elementor-section-height-default elementor-section-height-default\" data-id=\"8d48f59\" data-element_type=\"section\" data-e-type=\"section\">\n\t\t\t\t\t\t<div class=\"elementor-container elementor-column-gap-default\">\n\t\t\t\t\t<div class=\"elementor-column elementor-col-50 elementor-top-column elementor-element elementor-element-86a8935\" data-id=\"86a8935\" data-element_type=\"column\" data-e-type=\"column\">\n\t\t\t<div class=\"elementor-widget-wrap elementor-element-populated\">\n\t\t\t\t\t\t<div class=\"elementor-element elementor-element-243f62c elementor-widget elementor-widget-heading\" data-id=\"243f62c\" data-element_type=\"widget\" data-e-type=\"widget\" data-widget_type=\"heading.default\">\n\t\t\t\t<div class=\"elementor-widget-container\">\n\t\t\t\t\t<h2 class=\"elementor-heading-title elementor-size-default\">The Fonseranes Locks &amp; The Canal du Midi<\/h2>\t\t\t\t<\/div>\n\t\t\t\t<\/div>\n\t\t\t\t<div class=\"elementor-element elementor-element-e444f48 elementor-widget elementor-widget-heading\" data-id=\"e444f48\" data-element_type=\"widget\" data-e-type=\"widget\" data-widget_type=\"heading.default\">\n\t\t\t\t<div class=\"elementor-widget-container\">\n\t\t\t\t\t<h2 class=\"elementor-heading-title elementor-size-default\">The Canal du Midi has been listed as a UNESCO World Heritage site since 1996. Just like the 9 locks of Fonseranes in B\u00e9ziers, a major engineering structure on the Canal du Midi, also classified as a Historic Monument in 1996. These numerous distinctions have many reasons. The first is aesthetic: the Canal du Midi is beautiful, its surroundings are majestic. Moreover, it was an engineering feat, created by the mind of B\u00e9ziers-born Pierre-Paul Riquet, with the labor of about 12,000 workers. Finally, the Canal du Midi remains a key component of the local identity, as much as it was an economic development tool (agriculture, viticulture, freight transport, etc.). The municipalities of the surrounding area it passes through (B\u00e9ziers, Villeneuve-l\u00e8s-B\u00e9ziers, Cers) show an unwavering attachment to it: along the canal or its banks, people walk, sail... they live.\n<\/h2>\t\t\t\t<\/div>\n\t\t\t\t<\/div>\n\t\t\t\t\t<\/div>\n\t\t<\/div>\n\t\t\t\t<div class=\"elementor-column elementor-col-50 elementor-top-column elementor-element elementor-element-ebf25b2 elementor-hidden-phone\" data-id=\"ebf25b2\" data-element_type=\"column\" data-e-type=\"column\">\n\t\t\t<div class=\"elementor-widget-wrap elementor-element-populated\">\n\t\t\t\t\t\t<div class=\"elementor-element elementor-element-c1a92d4 elementor-widget elementor-widget-image\" data-id=\"c1a92d4\" data-element_type=\"widget\" data-e-type=\"widget\" data-widget_type=\"image.default\">\n\t\t\t\t<div class=\"elementor-widget-container\">\n\t\t\t\t\t\t\t\t\t\t\t\t\t\t\t<img decoding=\"async\" width=\"590\" height=\"295\" src=\"https:\/\/hotel-imperator.fr\/wp-content\/uploads\/2020\/09\/les-neuf-ecluses-de-fonseranes-a-beziers.jpg\" class=\"attachment-full size-full wp-image-283\" alt=\"\" srcset=\"https:\/\/hotel-imperator.fr\/wp-content\/uploads\/2020\/09\/les-neuf-ecluses-de-fonseranes-a-beziers.jpg 590w, https:\/\/hotel-imperator.fr\/wp-content\/uploads\/2020\/09\/les-neuf-ecluses-de-fonseranes-a-beziers-300x150.jpg 300w\" sizes=\"(max-width: 590px) 100vw, 590px\" \/>\t\t\t\t\t\t\t\t\t\t\t\t\t\t\t<\/div>\n\t\t\t\t<\/div>\n\t\t\t\t\t<\/div>\n\t\t<\/div>\n\t\t\t\t\t<\/div>\n\t\t<\/section>\n\t\t\t\t<section class=\"elementor-section elementor-top-section elementor-element elementor-element-d788269 elementor-section-boxed elementor-section-height-default elementor-section-height-default\" data-id=\"d788269\" data-element_type=\"section\" data-e-type=\"section\">\n\t\t\t\t\t\t<div class=\"elementor-container elementor-column-gap-default\">\n\t\t\t\t\t<div class=\"elementor-column elementor-col-50 elementor-top-column elementor-element elementor-element-127c0aa elementor-hidden-phone\" data-id=\"127c0aa\" data-element_type=\"column\" data-e-type=\"column\">\n\t\t\t<div class=\"elementor-widget-wrap elementor-element-populated\">\n\t\t\t\t\t\t<div class=\"elementor-element elementor-element-d55dc9e elementor-widget elementor-widget-image\" data-id=\"d55dc9e\" data-element_type=\"widget\" data-e-type=\"widget\" data-widget_type=\"image.default\">\n\t\t\t\t<div class=\"elementor-widget-container\">\n\t\t\t\t\t\t\t\t\t\t\t\t\t\t\t<img loading=\"lazy\" decoding=\"async\" width=\"885\" height=\"500\" src=\"https:\/\/hotel-imperator.fr\/wp-content\/uploads\/2020\/09\/image.jpg\" class=\"attachment-full size-full wp-image-285\" alt=\"\" srcset=\"https:\/\/hotel-imperator.fr\/wp-content\/uploads\/2020\/09\/image.jpg 885w, https:\/\/hotel-imperator.fr\/wp-content\/uploads\/2020\/09\/image-300x169.jpg 300w, https:\/\/hotel-imperator.fr\/wp-content\/uploads\/2020\/09\/image-768x434.jpg 768w\" sizes=\"(max-width: 885px) 100vw, 885px\" \/>\t\t\t\t\t\t\t\t\t\t\t\t\t\t\t<\/div>\n\t\t\t\t<\/div>\n\t\t\t\t\t<\/div>\n\t\t<\/div>\n\t\t\t\t<div class=\"elementor-column elementor-col-50 elementor-top-column elementor-element elementor-element-afb6956\" data-id=\"afb6956\" data-element_type=\"column\" data-e-type=\"column\">\n\t\t\t<div class=\"elementor-widget-wrap elementor-element-populated\">\n\t\t\t\t\t\t<div class=\"elementor-element elementor-element-746fc21 elementor-widget elementor-widget-heading\" data-id=\"746fc21\" data-element_type=\"widget\" data-e-type=\"widget\" data-widget_type=\"heading.default\">\n\t\t\t\t<div class=\"elementor-widget-container\">\n\t\t\t\t\t<h2 class=\"elementor-heading-title elementor-size-default\">Other Must-See Landmarks<\/h2>\t\t\t\t<\/div>\n\t\t\t\t<\/div>\n\t\t\t\t<div class=\"elementor-element elementor-element-328583d elementor-widget elementor-widget-heading\" data-id=\"328583d\" data-element_type=\"widget\" data-e-type=\"widget\" data-widget_type=\"heading.default\">\n\t\t\t\t<div class=\"elementor-widget-container\">\n\t\t\t\t\t<h2 class=\"elementor-heading-title elementor-size-default\">The B\u00e9ziers Arena, built in 1897, the Saint-Nazaire Cathedral and Bishop's Garden, the Old Bridge and the Amphitheater, the Ancient Arenas, the All\u00e9es Paul Riquet, and the municipal theater, the Garden of Poets... And if you continue to explore our B\u00e9ziers region, you will discover more treasures: the town of Moli\u00e8re \u2013 P\u00e9zenas, the Etang de Thau, the H\u00e9ric Gorges, the Cirque de Navacelles, the Valmagne Abbey, Pic Saint-Loup, the city of Carcassonne, and the Camargue...\n<\/h2>\t\t\t\t<\/div>\n\t\t\t\t<\/div>\n\t\t\t\t\t<\/div>\n\t\t<\/div>\n\t\t\t\t\t<\/div>\n\t\t<\/section>\n\t\t\t\t<\/div>","protected":false},"excerpt":{"rendered":"<p>Lors de votre visite, ne manquez pas &#8230; Les all\u00e9es Paul Riquet Les All\u00e9es Paul Riquet furent construites en 1827, par le comblement des foss\u00e9s des anciens remparts (ils ont ceintur\u00e9 la ville jusqu&rsquo;au XVIIe si\u00e8cle). Les All\u00e9es furent, et restent, le lieu par excellence des d\u00e9ambulations biterroises : ne serait-ce que pour profiter des [&hellip;]<\/p>\n","protected":false},"author":1,"featured_media":0,"parent":0,"menu_order":5,"comment_status":"closed","ping_status":"closed","template":"elementor_header_footer","meta":{"footnotes":""},"class_list":["post-256","page","type-page","status-publish","hentry"],"_links":{"self":[{"href":"https:\/\/hotel-imperator.fr\/en\/wp-json\/wp\/v2\/pages\/256","targetHints":{"allow":["GET"]}}],"collection":[{"href":"https:\/\/hotel-imperator.fr\/en\/wp-json\/wp\/v2\/pages"}],"about":[{"href":"https:\/\/hotel-imperator.fr\/en\/wp-json\/wp\/v2\/types\/page"}],"author":[{"embeddable":true,"href":"https:\/\/hotel-imperator.fr\/en\/wp-json\/wp\/v2\/users\/1"}],"replies":[{"embeddable":true,"href":"https:\/\/hotel-imperator.fr\/en\/wp-json\/wp\/v2\/comments?post=256"}],"version-history":[{"count":14,"href":"https:\/\/hotel-imperator.fr\/en\/wp-json\/wp\/v2\/pages\/256\/revisions"}],"predecessor-version":[{"id":809,"href":"https:\/\/hotel-imperator.fr\/en\/wp-json\/wp\/v2\/pages\/256\/revisions\/809"}],"wp:attachment":[{"href":"https:\/\/hotel-imperator.fr\/en\/wp-json\/wp\/v2\/media?parent=256"}],"curies":[{"name":"wp","href":"https:\/\/api.w.org\/{rel}","templated":true}]}}